{"id":57,"date":"2023-11-12T10:29:34","date_gmt":"2023-11-12T10:29:34","guid":{"rendered":"https:\/\/custosvituli.dk\/?page_id=57"},"modified":"2023-11-12T10:29:35","modified_gmt":"2023-11-12T10:29:35","slug":"om-custos-vituli","status":"publish","type":"page","link":"https:\/\/custosvituli.dk\/?page_id=57","title":{"rendered":"Om CUSTOS VITULI"},"content":{"rendered":"\n<p>De Nordjyske Lejesvende blev oprettet i vinteren 2016\/2017 og i 2018 tog gruppen navneforandring til Custos Vituli &#8211; Tyrens Vogter.<\/p>\n\n\n\n<p>Gruppen blev dannet med det form\u00e5l at formidle middelalder gennem fort\u00e6lling og udf\u00f8relser af forskellige middelalder spil.<\/p>\n\n\n\n<p>Vi er en gruppe, som er samlet af erfarende, mindre erfarende og ny begyndere i middelalderverdenen. Vi laver f\u00e6lles tr\u00e6ning, udveksler erfaringer, laver t\u00f8j og meget mere\u2026.<\/p>\n\n\n\n<p>Vores prim\u00e6re tidsperiode ligger omkring Valdemar Atterdags regeringsperiode det vil sige 1340 til 1375\u2026.<\/p>\n\n\n\n<p>Vores forening er \u00e5ben over for alle, men man m\u00e5 anerkende vores regler og traditioner.<\/p>\n\n\n\n<p>P\u00e5 denne side kan du l\u00e6se sidste nyt om middelalder relaterede ting &#8211; samt tilmelde dig, og selv tilf\u00f8je informationer om middelalderen i Danmark, ogs\u00e5 gerne i udlandet, til gl\u00e6de og gavn for alle i Gruppen.<\/p>\n\n\n\n<figure class=\"wp-block-image size-full is-style-rounded\"><img loading=\"lazy\" decoding=\"async\" width=\"600\" height=\"450\" src=\"https:\/\/custosvituli.dk\/wp-content\/uploads\/2023\/11\/formid2.jpg\" alt=\"\" class=\"wp-image-58\" srcset=\"https:\/\/custosvituli.dk\/wp-content\/uploads\/2023\/11\/formid2.jpg 600w, https:\/\/custosvituli.dk\/wp-content\/uploads\/2023\/11\/formid2-300x225.jpg 300w\" sizes=\"auto, (max-width: 600px) 100vw, 600px\" \/><\/figure>\n","protected":false},"excerpt":{"rendered":"<p>De Nordjyske Lejesvende blev oprettet i vinteren 2016\/2017 og i 2018 tog gruppen navneforandring til Custos Vituli &#8211; Tyrens Vogter. Gruppen blev dannet med det form\u00e5l at formidle middelalder gennem fort\u00e6lling og udf\u00f8relser af forskellige middelalder spil. Vi er en gruppe, som er samlet af erfarende, mindre erfarende og ny [&hellip;]<\/p>\n","protected":false},"author":1,"featured_media":0,"parent":0,"menu_order":0,"comment_status":"closed","ping_status":"closed","template":"","meta":{"ngg_post_thumbnail":0,"footnotes":""},"class_list":["post-57","page","type-page","status-publish","hentry"],"_links":{"self":[{"href":"https:\/\/custosvituli.dk\/index.php?rest_route=\/wp\/v2\/pages\/57","targetHints":{"allow":["GET"]}}],"collection":[{"href":"https:\/\/custosvituli.dk\/index.php?rest_route=\/wp\/v2\/pages"}],"about":[{"href":"https:\/\/custosvituli.dk\/index.php?rest_route=\/wp\/v2\/types\/page"}],"author":[{"embeddable":true,"href":"https:\/\/custosvituli.dk\/index.php?rest_route=\/wp\/v2\/users\/1"}],"replies":[{"embeddable":true,"href":"https:\/\/custosvituli.dk\/index.php?rest_route=%2Fwp%2Fv2%2Fcomments&post=57"}],"version-history":[{"count":1,"href":"https:\/\/custosvituli.dk\/index.php?rest_route=\/wp\/v2\/pages\/57\/revisions"}],"predecessor-version":[{"id":59,"href":"https:\/\/custosvituli.dk\/index.php?rest_route=\/wp\/v2\/pages\/57\/revisions\/59"}],"wp:attachment":[{"href":"https:\/\/custosvituli.dk\/index.php?rest_route=%2Fwp%2Fv2%2Fmedia&parent=57"}],"curies":[{"name":"wp","href":"https:\/\/api.w.org\/{rel}","templated":true}]}}