{"id":71,"date":"2023-11-12T10:56:47","date_gmt":"2023-11-12T10:56:47","guid":{"rendered":"https:\/\/custosvituli.dk\/?page_id=71"},"modified":"2023-11-12T11:07:05","modified_gmt":"2023-11-12T11:07:05","slug":"regelsaet-for-middealdergruppen-custos-vituli","status":"publish","type":"page","link":"https:\/\/custosvituli.dk\/?page_id=71","title":{"rendered":"Regels\u00e6t for Middealdergruppen Custos Vituli"},"content":{"rendered":"\n<h2 class=\"wp-block-heading\"><a>Navn og hjemsted<\/a>&nbsp;<\/h2>\n\n\n\n<p>Gruppens navn er <strong>&#8220;Middealdergruppen&nbsp;Custos Vituli&#8221;.<\/strong>&nbsp;<\/p>\n\n\n\n<p>Form\u00e5l med gruppen<\/p>\n\n\n\n<p>Gruppens form\u00e5l er at udbrede kendskabet og fremme interessen for middelalderlivet og kendskab til tidsperioden omkring middelalderen med udgangspunkt i f\u00e6llesskabet og det sociale liv i foreningen inden for alle aldersgrupper.<br>Endvidere er form\u00e5let at udvikle medlemmernes lyst til at engagere sig og tage medansvar i Gruppen, herunder har de erfarende en forpligtigelse i at vejlede nye medlemmer med forskellige ting.<br>Det er ogs\u00e5 gruppens opgave at give tilskuerne en s\u00e5 realistisk oplevelse p\u00e5 markederne.<\/p>\n\n\n\n<h2 class=\"wp-block-heading\"><a>Medlemskab<\/a><\/h2>\n\n\n\n<p>Optagelse<\/p>\n\n\n\n<p>Som aktivt medlem og st\u00f8ttemedlem, kan personer som bliver godkendt af gruppen optages.<\/p>\n\n\n\n<p>S\u00e5fremt et medlem ikke betaler det \u00e5rlige gebyr til gruppen (inden gruppem\u00f8det i for\u00e5ret), kan medlemmet betragtes som udmeldt af f\u00e6llesskabet, medmindre der tr\u00e6ffes aftale med kassereren inden da.<br>Alt arbejde, som Gruppens medlemmer udf\u00f8rer i dennes regi, er ul\u00f8nnet.<\/p>\n\n\n\n<p>Indmeldelse<\/p>\n\n\n\n<p>Ans\u00f8gning om optagelse i gruppen skal ske p\u00e5 ans\u00f8gnings blanket p\u00e5 gruppens hjemmeside.<br>\u2013 medlemmer under 18 \u00e5r skal indmeldes af for\u00e6ldre eller v\u00e6rge.<\/p>\n\n\n\n<p>Ans\u00f8ger bliver fuldgyldig medlem n\u00e5r de har overst\u00e5et en pr\u00f8ve periode og deltaget i mindst et marked og betalt kontingent.<\/p>\n\n\n\n<p>Udelukkelse og eksklusion<\/p>\n\n\n\n<p>Et medlem kan udelukkes eller ekskluderes s\u00e5fremt vedkommendes opf\u00f8rsel strider mod gruppens vedt\u00e6gter, eller medlemmet p\u00e5 s\u00e6rlig grov m\u00e5de har tilsidesat sine medlemspligter.<br>S\u00e5vel i sager om udelukkelse som (eller) eksklusion har medlemmet krav p\u00e5 at blive h\u00f8rt, inden gruppen tr\u00e6ffer sin afg\u00f8relse.<\/p>\n\n\n\n<p>Dette g\u00e6lder ogs\u00e5 hvis det kommer gruppen for \u00f8rer at man er kommet i kontakt med politiet, i s\u00e5 grove sager at gruppen vurderer at det vil g\u00e5 ud over dennes navn og rygte.<\/p>\n\n\n\n<p>Udviser et medlem s\u00e5dan en adf\u00e6rd, at der er tale om vold eller at have sat andres liv eller f\u00f8rlighed p\u00e5 spil under et marked eller arrangement, kan den lejransvarlige forlange, at personen skal forlade lejren \u00f8jeblikkeligt (f.eks. truet personer med v\u00e5ben eller deltaget i et slagsm\u00e5l), derefter skal dette freml\u00e6gges gruppen s\u00e5 hurtigt som muligt, max 14 dage efter h\u00e6ndelsen.<\/p>\n\n\n\n<p>Gruppens daglige ledelse<\/p>\n\n\n\n<p>Foreningen ledes af gruppeledelse, som best\u00e5r af gruppeleder, 2enden leder, samt et medlem og eventuelt en suppleant, som v\u00e6lges p\u00e5 gruppem\u00f8det i for\u00e5ret, dog kan kassereren v\u00e6lges som ekstra medlem af ledelsesgruppen, hvis denne v\u00e6lges udenfor de valgte medlemmer.<br><br>Desuden v\u00e6lges en bilagskontrollant, til at gennemg\u00e5 det \u00e5rlige regnskab i f\u00e6llesskab med kassereren.<\/p>\n\n\n\n<p>Gruppeledelsen&nbsp;konstituerer sig p\u00e5 f\u00f8rstkommende bestyrelsesm\u00f8de efter generalforsamlingen med gruppeleder, 2enden leder, dog v\u00e6lges gruppeleden direkte p\u00e5 gruppem\u00f8det i for\u00e5ret.<\/p>\n\n\n\n<p>Medlemmerne af ledelsen v\u00e6lges 1 gang \u00e5rligt, p\u00e5 gruppem\u00f8det i for\u00e5ret.<br>Der skal fremsendes et referat til gruppens ledelsens medlemmer n\u00e5r der har v\u00e6ret holdt gruppem\u00f8de (dog skal personf\u00f8lsomme oplysninger udelades).<br>Gruppelederen&nbsp;udsender m\u00f8deindkaldelse og dagsorden senest syv dage f\u00f8r afholdelse af m\u00f8de, disse kan afvikles som fysiske og m\u00f8de via internettet.<\/p>\n\n\n\n<p>I den daglige drift er det hele gruppens ledelse, der tegner foreningen udadtil, det vil sige ansvarlig for aftaler etc. i forbindelse med markeder etc.<\/p>\n\n\n\n<p>St\u00f8rre beslutninger tr\u00e6ffes i hele gruppen ved flertalsbeslutninger.<\/p>\n\n\n\n<h1 class=\"wp-block-heading\"><a>\u00d8konomi<\/a><\/h1>\n\n\n\n<p>I den daglige drift er det kassereren der har ansvar for \u00f8konomien og kan udtale sig om der er \u00f8konomi til de ting der \u00f8nskes.<\/p>\n\n\n\n<p>Ved st\u00f8rre indk\u00f8b og hvis gruppen kan blive enig om dette (2\/3 flertal), kan man opkr\u00e6ve et bel\u00f8b hos medlemmerne til indk\u00f8b, dog max 300 kr pr medlem.<br>Der vil i forbindelse med markeder og andre arrangementer kunne kr\u00e6ves et deltagergebyr til f.eks. d\u00e6kning af transport-\/madudgifter.<\/p>\n\n\n\n<p>Refusion&nbsp; &nbsp;<\/p>\n\n\n\n<p>I gruppen skal gruppelederen og kassereren godkende udbetalinger og refusioner ved beh\u00f8rig dokumentation \u2013 det er kun kassereren, der kan udbetale eller overf\u00f8re pengebel\u00f8b.<\/p>\n\n\n\n<p>Gebyr<\/p>\n\n\n\n<p>Gebyret fasts\u00e6ttes p\u00e5<strong>&nbsp;<\/strong>gruppem\u00f8det i for\u00e5ret.<\/p>\n\n\n\n<p>Opkr\u00e6vningsform er ved bankoverf\u00f8relse fasts\u00e6ttes.<\/p>\n\n\n\n<p>Indbetalingsterminer p\u00e5 gebyret skal v\u00e6re betalt inden gruppem\u00f8det i for\u00e5ret og kassereren har bekr\u00e6ftet indbetalingen.<\/p>\n\n\n\n<p>Gebyret er fastsat pt af gruppen til:<\/p>\n\n\n\n<p><strong>Gebyr g\u00e6ldende fra 1\/1 2024<\/strong><\/p>\n\n\n\n<p>Barn\/ung 12-16 \u00e5r 100 kr \u00e5rligt<\/p>\n\n\n\n<p>Unge 16-18 \u00e5r 150 kr \u00e5rligt<\/p>\n\n\n\n<p>Voksen 18 &#8211; ? \u00e5r 300 kr \u00e5rligt<\/p>\n\n\n\n<p>Familie op til 2 voksne og 2 b\u00f8rn 500 kr \u00e5rligt.<\/p>\n\n\n\n<p>Regnskab<\/p>\n\n\n\n<p>Regnskabet f\u00f8lger kalender\u00e5ret.<br>Regnskabet skal freml\u00e6gges i revideret stand p\u00e5 gruppem\u00f8det i for\u00e5ret.<br>Regnskabet kan til enhver tid forlanges af bilagskontrollant, gruppeledelsen eller gruppen fremlagt til eftersyn.<\/p>\n\n\n\n<h1 class=\"wp-block-heading\"><a>Gruppem\u00f8der<\/a>&nbsp;<\/h1>\n\n\n\n<p>Ordin\u00e6re gruppem\u00f8der<\/p>\n\n\n\n<p>Gruppem\u00f8der er gruppens \u00f8verste og endelig myndighed i alle anliggender.<br>Der afholdes mindst 2 gruppe m\u00f8der om \u00e5ret 1 om for\u00e5ret og 1 om efter\u00e5ret.<br>Deltager til disse m\u00f8der er alle foreningens aktive medlemmer, st\u00f8ttemedlemmer over 18 \u00e5r og hvis der er interesseret kommende medlemmer.<br>Stemmeretten for alle aktive og st\u00f8ttemedlemmer er betinget af, at de er over 18 \u00e5r og ikke er i kontingentrestance.<br>Der kan kun stemmes ved personligt fremm\u00f8de eller skriftlig fuldmagt.<br>Generalforsamlingerne indkaldes med mindst to ugers varsel ved udsendelse af opslag p\u00e5 lukkede Facebookgruppe angivelse af dagsorden, den endelige sendes ligeledes til medlemmerne p\u00e5 mail.<br>Forslag som \u00f8nskes behandlet p\u00e5 den ordin\u00e6re generalforsamling skal v\u00e6re indsendt skriftligt eller via mail til gruppelederen senest en uge f\u00f8r generalforsamlingens afholdelse.<br><br>Emner p\u00e5 gruppem\u00f8derne<\/p>\n\n\n\n<p>Dagsorden for for\u00e5rets m\u00f8de omhandler:<\/p>\n\n\n\n<p>1. Valg af M\u00f8deleder og referent.<br>2. gruppeledelsens resume over det forgangne \u00e5r.<br>3. Forel\u00e6ggelse af det reviderede regnskab for det forl\u00f8bne \u00e5r til godkendelse.<br>4. Fasts\u00e6ttelse af gebyr.<br>5. Behandling af indkomne forslag.<br>6. Valg af gruppeledelse. (3 medlemmer + 1 suppleant og evt kasser)<br>7. Valg af gruppeleder (de 3 valgte medlemmer i punkt 6).<br>8. Valg af en Bilags kontrollant.<br>9. Eventuelt.<\/p>\n\n\n\n<p>Dagsorden for efter\u00e5rs m\u00f8de omhandler:<br><br>1. Valg af M\u00f8deleder og referent.<br>2. Evaluering af sommerens markeder.<br>3. Behandling af indkomne forslag.<br>4. Dr\u00f8ftelse om de forskellige planer for vinterhalv\u00e5ret.<br>5. Dr\u00f8ftelse og godkendelse af den kommende \u00e5rsplan, herunder valg af de Middelalder &nbsp;&nbsp;<br>&nbsp;&nbsp;&nbsp; markeder, der \u00f8nskes deltagelse p\u00e5 den efterf\u00f8lgende s\u00e6son.<br>6. Eventuelt.<\/p>\n\n\n\n<p>M\u00f8det v\u00e6lger sin m\u00f8deleder, beslutninger tr\u00e6ffes ved simpelt stemmeflertal.<br>Valgbare til ledelsen og m\u00f8deleder er aktive medlemmer, der er fyldt 18 \u00e5r. &nbsp;<\/p>\n\n\n\n<p>Ekstra gruppem\u00f8der<br><br>Der kan afholdelse ekstra gruppe m\u00f8der hvis situationen kr\u00e6ver dette det er ledelsen der s\u00f8rger for at dette sker, hvis dette kr\u00e6ves, disse m\u00f8der kan eventuelt afvikles i forbindelse med arrangementer (Arbejdsweekender, markeder etc..<br><br>Dog kan der afvikles online m\u00f8der hvis dette vurderes at det er hensigtsm\u00e6ssigt. &nbsp;<\/p>\n\n\n\n<p>\u00c6ndring af regels\u00e6t<\/p>\n\n\n\n<p>\u00c6ndring af vedt\u00e6gterne kan ske p\u00e5 enhver ordin\u00e6r gruppem\u00f8de ved simpelt stemmeflertal.<br>Forslag til vedt\u00e6gts\u00e6ndringer indsendes til ledelsen senest en uge f\u00f8r ordin\u00e6rt gruppem\u00f8de.<\/p>\n\n\n\n<h1 class=\"wp-block-heading\"><a>Gruppens opl\u00f8sning<\/a><\/h1>\n\n\n\n<p>Bestemmelse om Custos Vituli opl\u00f8sning kan kun tages p\u00e5 ordin\u00e6r &#8211; eller ekstraordin\u00e6rt gruppem\u00f8de.<br>Mindst 50 % af foreningens stemmeberettigede medlemmer skal v\u00e6re til stede, og der fordres \u00be stemmeflertal.<br>Er der ikke fremm\u00f8dt tilstr\u00e6kkeligt antal medlemmer indkaldes til endnu et ekstraordin\u00e6rt gruppem\u00f8de med 14 dages varsel, hvor bestemmelsen da tages ved simpelt stemmeantal.<br>Gruppens eventuelle midler overg\u00e5r til fordeling blandt b\u00f8rn og unge til et alment nyttigt form\u00e5l p\u00e5 folkeoplysningsomr\u00e5det som bestemmes p\u00e5 den opl\u00f8sende forsamling. &nbsp;<\/p>\n","protected":false},"excerpt":{"rendered":"<p>Navn og hjemsted&nbsp; Gruppens navn er &#8220;Middealdergruppen&nbsp;Custos Vituli&#8221;.&nbsp; Form\u00e5l med gruppen Gruppens form\u00e5l er at udbrede kendskabet og fremme interessen for middelalderlivet og kendskab til tidsperioden omkring middelalderen med udgangspunkt i f\u00e6llesskabet og det sociale liv i foreningen inden for alle aldersgrupper.Endvidere er form\u00e5let at udvikle medlemmernes lyst til at [&hellip;]<\/p>\n","protected":false},"author":1,"featured_media":0,"parent":0,"menu_order":0,"comment_status":"closed","ping_status":"closed","template":"","meta":{"ngg_post_thumbnail":0,"footnotes":""},"class_list":["post-71","page","type-page","status-publish","hentry"],"_links":{"self":[{"href":"https:\/\/custosvituli.dk\/index.php?rest_route=\/wp\/v2\/pages\/71","targetHints":{"allow":["GET"]}}],"collection":[{"href":"https:\/\/custosvituli.dk\/index.php?rest_route=\/wp\/v2\/pages"}],"about":[{"href":"https:\/\/custosvituli.dk\/index.php?rest_route=\/wp\/v2\/types\/page"}],"author":[{"embeddable":true,"href":"https:\/\/custosvituli.dk\/index.php?rest_route=\/wp\/v2\/users\/1"}],"replies":[{"embeddable":true,"href":"https:\/\/custosvituli.dk\/index.php?rest_route=%2Fwp%2Fv2%2Fcomments&post=71"}],"version-history":[{"count":2,"href":"https:\/\/custosvituli.dk\/index.php?rest_route=\/wp\/v2\/pages\/71\/revisions"}],"predecessor-version":[{"id":81,"href":"https:\/\/custosvituli.dk\/index.php?rest_route=\/wp\/v2\/pages\/71\/revisions\/81"}],"wp:attachment":[{"href":"https:\/\/custosvituli.dk\/index.php?rest_route=%2Fwp%2Fv2%2Fmedia&parent=71"}],"curies":[{"name":"wp","href":"https:\/\/api.w.org\/{rel}","templated":true}]}}