{"id":73,"date":"2023-11-12T10:57:46","date_gmt":"2023-11-12T10:57:46","guid":{"rendered":"https:\/\/custosvituli.dk\/?page_id=73"},"modified":"2023-11-12T10:57:46","modified_gmt":"2023-11-12T10:57:46","slug":"gruppens-vaabenregler","status":"publish","type":"page","link":"https:\/\/custosvituli.dk\/?page_id=73","title":{"rendered":"Gruppens v\u00e5benregler"},"content":{"rendered":"\n<h1 class=\"wp-block-heading\"><\/h1>\n\n\n\n<p>Reglerne for blankv\u00e5ben p\u00e5virkes af den danske lovgivning omkring brug af v\u00e5ben til diverse arrangementer, og da man ikke pt skal have v\u00e5bentilladelse til blankt v\u00e5ben, som ikke er skarpe og spidse, kan foreningen ikke kr\u00e6ve dette, men disse skal anvendes med omtanke. Custos Vituli har egne regler omkring disse.<\/p>\n\n\n\n<p>I Custos Vituli&nbsp;kan man efter en tre m\u00e5neders pr\u00f8vetid (og hvis ledelsen vurderer medlemmet som ansvarlig omkring v\u00e5ben), samt en erfaren v\u00e5benbruger har godkendt v\u00e5bnene, i visse tilf\u00e6lde kan gruppen s\u00f8ge viden hos andre i middelaldermilj\u00f8et.<br>St\u00e5lv\u00e5ben (sv\u00e6rd, kamp\u00f8kser etc.) betragtes if\u00f8lge loven som rekvisitter, s\u00e5 l\u00e6nge de kun medbringes i middelalderregi og s\u00e5 l\u00e6nge, de IKKE er skarpslebne.<br>Dog har vi valgt i Custos Vituli, at alle st\u00e5lv\u00e5ben skal betragtes som \u201dskarpe\u201d.<\/p>\n\n\n\n<p>Det vil sige, at man i sin omgang med disse v\u00e5ben er ansvarlig og bruger disse med omtanke. F.eks. m\u00e5 der ikke trues med dem \u2013 heller ikke for sjov, medmindre dette sker som et led i et spil.<\/p>\n\n\n\n<p>Da vi er en forening med fokus p\u00e5 formidling i b\u00f8rneh\u00f8jde, er det vigtigt, at vi alle udviser et godt eksempel for b\u00f8rn og unge, n\u00e5r vi fremviser v\u00e5ben p\u00e5 markeder.<\/p>\n\n\n\n<p>Det er derfor forbudt at h\u00e5ndtere v\u00e5ben efter indtagelse af alkohol eller andre ikke medicinske stoffer, eller medicin, er ikke er l\u00e6geordineret.<\/p>\n\n\n\n<p>Det er op til gruppens medlemmer at vurdere, om der er brud p\u00e5 v\u00e5benpolitikken, og hvilke konsekvenser det m\u00e5tte have for vedkommende.<br>Medlemmer, der \u00f8nsker at deltage med brug af v\u00e5ben, skal som minimum have personligt sikkerhedsudstyr. Dette omfatter handsker og tandbeskytter, hjelm samt gambeson (alle dele skal godkendes).<\/p>\n\n\n\n<p>Ledelsen v\u00e6lger en ansvarlig som st\u00e5r for v\u00e5ben tr\u00e6ningen, der afholder tr\u00e6ning med v\u00e5ben i l\u00f8bet af vinteren.<br>Det er et krav, at alle der \u00f8nsker at deltage i v\u00e5benbrug, er blevet godkendt ved pr\u00f8ve foran en erfaren v\u00e5benbruger fra gruppen.<br>Hvis man ikke bliver godkendt eller tager pr\u00f8ven, kan man ikke deltage i v\u00e5benbrug p\u00e5 markederne.<br>Alle der \u00f8nsker at deltage med v\u00e5ben skal godkendes i det enkelte v\u00e5ben.<br>Ved tvivlssp\u00f8rgsm\u00e5l kan et medlem afl\u00e6gge pr\u00f8ve over for en erfaren v\u00e5benbruger (en erfaren v\u00e5benbruger har deltaget i tr\u00e6kninger i minimum 3 \u00e5r).<\/p>\n\n\n\n<p>Ved overtr\u00e6delser af disse v\u00e5benregler betyder det \u00f8jeblikkelig hjemsendelse fra marked og ved gentagende gange kan det betyde karant\u00e6ne og i yderst konsekvens eksklusion.<\/p>\n","protected":false},"excerpt":{"rendered":"<p>Reglerne for blankv\u00e5ben p\u00e5virkes af den danske lovgivning omkring brug af v\u00e5ben til diverse arrangementer, og da man ikke pt skal have v\u00e5bentilladelse til blankt v\u00e5ben, som ikke er skarpe og spidse, kan foreningen ikke kr\u00e6ve dette, men disse skal anvendes med omtanke. Custos Vituli har egne regler omkring disse. [&hellip;]<\/p>\n","protected":false},"author":1,"featured_media":0,"parent":0,"menu_order":0,"comment_status":"closed","ping_status":"closed","template":"","meta":{"ngg_post_thumbnail":0,"footnotes":""},"class_list":["post-73","page","type-page","status-publish","hentry"],"_links":{"self":[{"href":"https:\/\/custosvituli.dk\/index.php?rest_route=\/wp\/v2\/pages\/73","targetHints":{"allow":["GET"]}}],"collection":[{"href":"https:\/\/custosvituli.dk\/index.php?rest_route=\/wp\/v2\/pages"}],"about":[{"href":"https:\/\/custosvituli.dk\/index.php?rest_route=\/wp\/v2\/types\/page"}],"author":[{"embeddable":true,"href":"https:\/\/custosvituli.dk\/index.php?rest_route=\/wp\/v2\/users\/1"}],"replies":[{"embeddable":true,"href":"https:\/\/custosvituli.dk\/index.php?rest_route=%2Fwp%2Fv2%2Fcomments&post=73"}],"version-history":[{"count":1,"href":"https:\/\/custosvituli.dk\/index.php?rest_route=\/wp\/v2\/pages\/73\/revisions"}],"predecessor-version":[{"id":74,"href":"https:\/\/custosvituli.dk\/index.php?rest_route=\/wp\/v2\/pages\/73\/revisions\/74"}],"wp:attachment":[{"href":"https:\/\/custosvituli.dk\/index.php?rest_route=%2Fwp%2Fv2%2Fmedia&parent=73"}],"curies":[{"name":"wp","href":"https:\/\/api.w.org\/{rel}","templated":true}]}}