{"id":75,"date":"2023-11-12T10:58:34","date_gmt":"2023-11-12T10:58:34","guid":{"rendered":"https:\/\/custosvituli.dk\/?page_id=75"},"modified":"2023-11-12T10:58:34","modified_gmt":"2023-11-12T10:58:34","slug":"gruppens-alkohol-og-rusmiddelpolitik","status":"publish","type":"page","link":"https:\/\/custosvituli.dk\/?page_id=75","title":{"rendered":"Gruppens\u00a0Alkohol \u2013 og Rusmiddelpolitik"},"content":{"rendered":"\n<p>Det er ikke tilladt at indtage nogen form for alkohol i \u00e5bningstiden, da vi har ansvaret for b\u00f8rn og unge. Der er altid en \u00e6dru voksen i lejren om aftenen. Rusmidler m\u00e5 p\u00e5 intet tidspunkt indtages.<br>Der er ingen, der h\u00e5ndterer v\u00e5ben efter indtagelse af alkohol (for uddybelse: v\u00e5benreglerne).<br>B\u00f8rn og unge under 18 \u00e5r m\u00e5 ikke drikke alkohol overhovedet, overtr\u00e6des dette kontaktes for\u00e6ldre eller v\u00e6rge og der vil v\u00e6re hjemsendelse for egen regning og foranstaltning.<\/p>\n\n\n\n<p>Indtagelse af s\u00e5 store m\u00e6ngder alkohol at man ikke efterf\u00f8lgende kan varetage sine pligter i gruppens lejr eller lignende kan medf\u00f8re bortvisning fra stedet, dette er lejelederens ansvar, hvorefter dette skal forl\u00e6gges Gruppeledelsen s\u00e5 hurtigst som muligt, max 14 dage.<\/p>\n\n\n\n<p>Alkohol- og rusmiddelpolitikken kan til enhver tid tages op til revision af Gruppen.<br>Hvis gruppens politikker ikke overholdes, vil det blive vurderet af gruppen eller den lejransvarlige, hvorvidt der skal v\u00e6re konsekvenser, og hvilke disse m\u00e5tte v\u00e6re.<\/p>\n\n\n\n<p>Det er imod gruppens politik at indtage og videres\u00e6lge enhver form for ulovligt rusmiddel (hash, pot, kokain etc.), n\u00e5r man deltager i enhver form for arrangement i gruppens regi.<\/p>\n\n\n\n<p>Bliver et eller flere medlemmer grebet i at indtage eller videres\u00e6lge ulovlige rusmidler er det \u00f8jeblikkelig bortvisning og eksklusion af gruppen.<\/p>\n","protected":false},"excerpt":{"rendered":"<p>Det er ikke tilladt at indtage nogen form for alkohol i \u00e5bningstiden, da vi har ansvaret for b\u00f8rn og unge. Der er altid en \u00e6dru voksen i lejren om aftenen. Rusmidler m\u00e5 p\u00e5 intet tidspunkt indtages.Der er ingen, der h\u00e5ndterer v\u00e5ben efter indtagelse af alkohol (for uddybelse: v\u00e5benreglerne).B\u00f8rn og unge [&hellip;]<\/p>\n","protected":false},"author":1,"featured_media":0,"parent":0,"menu_order":0,"comment_status":"closed","ping_status":"closed","template":"","meta":{"ngg_post_thumbnail":0,"footnotes":""},"class_list":["post-75","page","type-page","status-publish","hentry"],"_links":{"self":[{"href":"https:\/\/custosvituli.dk\/index.php?rest_route=\/wp\/v2\/pages\/75","targetHints":{"allow":["GET"]}}],"collection":[{"href":"https:\/\/custosvituli.dk\/index.php?rest_route=\/wp\/v2\/pages"}],"about":[{"href":"https:\/\/custosvituli.dk\/index.php?rest_route=\/wp\/v2\/types\/page"}],"author":[{"embeddable":true,"href":"https:\/\/custosvituli.dk\/index.php?rest_route=\/wp\/v2\/users\/1"}],"replies":[{"embeddable":true,"href":"https:\/\/custosvituli.dk\/index.php?rest_route=%2Fwp%2Fv2%2Fcomments&post=75"}],"version-history":[{"count":1,"href":"https:\/\/custosvituli.dk\/index.php?rest_route=\/wp\/v2\/pages\/75\/revisions"}],"predecessor-version":[{"id":76,"href":"https:\/\/custosvituli.dk\/index.php?rest_route=\/wp\/v2\/pages\/75\/revisions\/76"}],"wp:attachment":[{"href":"https:\/\/custosvituli.dk\/index.php?rest_route=%2Fwp%2Fv2%2Fmedia&parent=75"}],"curies":[{"name":"wp","href":"https:\/\/api.w.org\/{rel}","templated":true}]}}