{"id":77,"date":"2023-11-12T10:59:30","date_gmt":"2023-11-12T10:59:30","guid":{"rendered":"https:\/\/custosvituli.dk\/?page_id=77"},"modified":"2023-11-12T10:59:30","modified_gmt":"2023-11-12T10:59:30","slug":"lejrregler","status":"publish","type":"page","link":"https:\/\/custosvituli.dk\/?page_id=77","title":{"rendered":"Lejrregler"},"content":{"rendered":"\n<p>Alle hj\u00e6lper med at ops\u00e6tte og nedtage f\u00e6llesomr\u00e5derne i lejren f\u00f8r eget telt.<\/p>\n\n\n\n<p>Lejren ops\u00e6ttes efter anvisninger fra den, der har ansvaret for indretning af lejren.<\/p>\n\n\n\n<ul class=\"wp-block-list\">\n<li>Pakkeliste og logistik, skal udarbejdes inden afgang til marked (pt Amalie, transport af personligt grej skal til g\u00e5 den ansvarlig senest 3 uge inden deltagelse.)<br><br><\/li>\n\n\n\n<li>Hver morgen, en time f\u00f8r \u00e5bning, deltager alle i f\u00e6lles morgenmad. Her vil den<\/li>\n<\/ul>\n\n\n\n<p>ansvarlige for lejren gennemg\u00e5 dagens program og fordele pligter, opgaver og andre begivenheder, der kan forekomme i l\u00f8bet af dagen.<br><br><\/p>\n\n\n\n<ul class=\"wp-block-list\">\n<li>Den ansvarlige for lejren vil lave et skema med de forskellige pligter, der skal tages<\/li>\n<\/ul>\n\n\n\n<p>ansvar for i l\u00f8bet af dagen\/markedet og fordele dem mellem alle deltagerne i<\/p>\n\n\n\n<p>gruppen.<br>Derved kommer alle til at deltage lige meget i de daglige opgaver i lejren.<br><br><br><\/p>\n\n\n\n<ul class=\"wp-block-list\">\n<li>Oprydningen af f\u00e6llesomr\u00e5der skal v\u00e6re ordnet sammen med de \u00e5bne telte inden \u00e5bning af dagens marked. Ingen moderne og nutidige affekter m\u00e5 v\u00e6re synlige i \u00e5bningstiden. <strong>Dette er et f\u00e6lles ansvar<\/strong>.<br><br><\/li>\n\n\n\n<li>Aftensmad planl\u00e6gges til mellem kl. 18:00 og 19:00 medmindre andet er aftalt eller<\/li>\n<\/ul>\n\n\n\n<p>arrangeret.<br><br><\/p>\n\n\n\n<ul class=\"wp-block-list\">\n<li>Rygning i \u00e5bningstiden skal foreg\u00e5 uden for publikums synsfelt og IKKE i lejeren.<br>&nbsp;<\/li>\n\n\n\n<li>Der m\u00e5 heller ikke ryges i f\u00e6llesteltet.<\/li>\n<\/ul>\n\n\n\n<ul class=\"wp-block-list\">\n<li>Et t\u00e6ndt ildsted efterlades ALDRIG uden opsyn.<\/li>\n<\/ul>\n\n\n\n<ul class=\"wp-block-list\">\n<li>Der skal ALTID v\u00e6re en spand vand eller andet t\u00e6t p\u00e5 ildstedet til at slukke med.<\/li>\n<\/ul>\n\n\n\n<ul class=\"wp-block-list\">\n<li>Der skal ved sengetid v\u00e6re br\u00e6nde nok til, at der kan t\u00e6ndes op i ildstedet n\u00e6ste<\/li>\n\n\n\n<li>morgen.<\/li>\n<\/ul>\n\n\n\n<ul class=\"wp-block-list\">\n<li>B\u00f8rn under 15 \u00e5r holder 1 meters afstand til \u00e5ben lid (hele tiden),<\/li>\n<\/ul>\n\n\n\n<ul class=\"wp-block-list\">\n<li>V\u00e5ben og rustning skal enten l\u00e6gges ind i eget telt eller til fremvisning. Det skal ikke ligge og flyde i lejren.<\/li>\n<\/ul>\n\n\n\n<ul class=\"wp-block-list\">\n<li>Efter aftensmaden og oprydning eller efter lukketid p\u00e5 markedet (hvis det er<\/li>\n<\/ul>\n\n\n\n<p>aften\u00e5ben) har den s\u00e5kaldte \u00e6dru-vagt ansvaret for lejren.<\/p>\n\n\n\n<ul class=\"wp-block-list\">\n<li>Denne vagt har ansvaret for, at der ro i lejren kl. 22:00.<br><br><\/li>\n\n\n\n<li>Vagten har ansvaret for at yde hj\u00e6lp og afvikler justits i lejren mellem 22:00 \u2013 07:00.<\/li>\n<\/ul>\n\n\n\n<ul class=\"wp-block-list\">\n<li>Alle skal tale og opf\u00f8re sig ordentlig b\u00e5de internet og over for publikum, mobning tolereres overhovedet ikke.<\/li>\n<\/ul>\n\n\n\n<ul class=\"wp-block-list\">\n<li>Hver morgen vil der v\u00e6re morgenm\u00f8de, som alle skal deltage i, hvor der vil blive dr\u00f8ftet ting som der skal rettes op og eventuelle oplysninger fra Arrang\u00f8ren<\/li>\n<\/ul>\n","protected":false},"excerpt":{"rendered":"<p>Alle hj\u00e6lper med at ops\u00e6tte og nedtage f\u00e6llesomr\u00e5derne i lejren f\u00f8r eget telt. Lejren ops\u00e6ttes efter anvisninger fra den, der har ansvaret for indretning af lejren. ansvarlige for lejren gennemg\u00e5 dagens program og fordele pligter, opgaver og andre begivenheder, der kan forekomme i l\u00f8bet af dagen. ansvar for i l\u00f8bet [&hellip;]<\/p>\n","protected":false},"author":1,"featured_media":0,"parent":0,"menu_order":0,"comment_status":"closed","ping_status":"closed","template":"","meta":{"ngg_post_thumbnail":0,"footnotes":""},"class_list":["post-77","page","type-page","status-publish","hentry"],"_links":{"self":[{"href":"https:\/\/custosvituli.dk\/index.php?rest_route=\/wp\/v2\/pages\/77","targetHints":{"allow":["GET"]}}],"collection":[{"href":"https:\/\/custosvituli.dk\/index.php?rest_route=\/wp\/v2\/pages"}],"about":[{"href":"https:\/\/custosvituli.dk\/index.php?rest_route=\/wp\/v2\/types\/page"}],"author":[{"embeddable":true,"href":"https:\/\/custosvituli.dk\/index.php?rest_route=\/wp\/v2\/users\/1"}],"replies":[{"embeddable":true,"href":"https:\/\/custosvituli.dk\/index.php?rest_route=%2Fwp%2Fv2%2Fcomments&post=77"}],"version-history":[{"count":1,"href":"https:\/\/custosvituli.dk\/index.php?rest_route=\/wp\/v2\/pages\/77\/revisions"}],"predecessor-version":[{"id":78,"href":"https:\/\/custosvituli.dk\/index.php?rest_route=\/wp\/v2\/pages\/77\/revisions\/78"}],"wp:attachment":[{"href":"https:\/\/custosvituli.dk\/index.php?rest_route=%2Fwp%2Fv2%2Fmedia&parent=77"}],"curies":[{"name":"wp","href":"https:\/\/api.w.org\/{rel}","templated":true}]}}