{"id":79,"date":"2023-11-12T11:02:17","date_gmt":"2023-11-12T11:02:17","guid":{"rendered":"https:\/\/custosvituli.dk\/?page_id=79"},"modified":"2023-11-12T11:02:17","modified_gmt":"2023-11-12T11:02:17","slug":"koekkenregler","status":"publish","type":"page","link":"https:\/\/custosvituli.dk\/?page_id=79","title":{"rendered":"K\u00f8kkenregler"},"content":{"rendered":"\n<p class=\"has-medium-font-size\">Instrukser til madlavning p\u00e5 markeder<\/p>\n\n\n\n<ul class=\"wp-block-list\">\n<li>ALLE som skal i kontakt med redskaber og r\u00e5varer til madlavningen vasker h\u00e6nder med vand og h\u00e5nds\u00e6be (p\u00e5 et toilet er at foretr\u00e6kke) og spritter h\u00e6nderne af i lejren.<br><br><\/li>\n\n\n\n<li>Man tager ikke r\u00e5varer uden at have f\u00e5et lov eller f\u00e5et besked p\u00e5 det af kokken eller medhj\u00e6lpere.<\/li>\n<\/ul>\n\n\n\n<ul class=\"wp-block-list\">\n<li>K\u00f8kkenbordet skal vaskes af hver morgen og efter hvert m\u00e5ltid<\/li>\n<\/ul>\n\n\n\n<ul class=\"wp-block-list\">\n<li>Opvasken skal v\u00e6re p\u00e5begyndt max 1 time efter endt m\u00e5ltid<\/li>\n<\/ul>\n\n\n\n<ul class=\"wp-block-list\">\n<li>Man s\u00f8rger selv for at ens rene service bliver sat p\u00e5 plads<\/li>\n<\/ul>\n\n\n\n<ul class=\"wp-block-list\">\n<li>St\u00e5r beskidt opvask ikke p\u00e5 k\u00f8kkenbordet inden opvasken er taget s\u00f8rger man selv for det er rent!<\/li>\n<\/ul>\n\n\n\n<ul class=\"wp-block-list\">\n<li>K\u00f8kkenet laver en opvasketurnus og den skal respekteres og overholdes.<\/li>\n<\/ul>\n\n\n\n<ul class=\"wp-block-list\">\n<li>Er mand tilmeldt et marked og mad budget er lagt og meldt ud er man forpligtiget til at betale det kr\u00e6vet bel\u00f8b, som er meldt ud fra den mad ansvarlig.<\/li>\n<\/ul>\n","protected":false},"excerpt":{"rendered":"<p>Instrukser til madlavning p\u00e5 markeder<\/p>\n","protected":false},"author":1,"featured_media":0,"parent":0,"menu_order":0,"comment_status":"closed","ping_status":"closed","template":"","meta":{"ngg_post_thumbnail":0,"footnotes":""},"class_list":["post-79","page","type-page","status-publish","hentry"],"_links":{"self":[{"href":"https:\/\/custosvituli.dk\/index.php?rest_route=\/wp\/v2\/pages\/79","targetHints":{"allow":["GET"]}}],"collection":[{"href":"https:\/\/custosvituli.dk\/index.php?rest_route=\/wp\/v2\/pages"}],"about":[{"href":"https:\/\/custosvituli.dk\/index.php?rest_route=\/wp\/v2\/types\/page"}],"author":[{"embeddable":true,"href":"https:\/\/custosvituli.dk\/index.php?rest_route=\/wp\/v2\/users\/1"}],"replies":[{"embeddable":true,"href":"https:\/\/custosvituli.dk\/index.php?rest_route=%2Fwp%2Fv2%2Fcomments&post=79"}],"version-history":[{"count":1,"href":"https:\/\/custosvituli.dk\/index.php?rest_route=\/wp\/v2\/pages\/79\/revisions"}],"predecessor-version":[{"id":80,"href":"https:\/\/custosvituli.dk\/index.php?rest_route=\/wp\/v2\/pages\/79\/revisions\/80"}],"wp:attachment":[{"href":"https:\/\/custosvituli.dk\/index.php?rest_route=%2Fwp%2Fv2%2Fmedia&parent=79"}],"curies":[{"name":"wp","href":"https:\/\/api.w.org\/{rel}","templated":true}]}}