{"id":90,"date":"2023-11-12T13:55:56","date_gmt":"2023-11-12T13:55:56","guid":{"rendered":"https:\/\/custosvituli.dk\/?page_id=90"},"modified":"2023-11-12T13:55:56","modified_gmt":"2023-11-12T13:55:56","slug":"om-middelalderen","status":"publish","type":"page","link":"https:\/\/custosvituli.dk\/?page_id=90","title":{"rendered":"Om Middelalderen"},"content":{"rendered":"\n<p>Begrebet middelalder blev opfundet i Italien i starten af af 1400-tallet.<br>Den latinske betegnelse blev f\u00f8rst fastlagt som medium aevum eller media \u00e6tas<br>Det er almindeligt at opdele perioden i yderligere i tre perioder:<\/p>\n\n\n\n<ul class=\"wp-block-list\">\n<li>Tidlig middelalder (ca. 500-1000)<\/li>\n\n\n\n<li>H\u00f8jmiddelalder (ca. 1000-1300)<\/li>\n\n\n\n<li>Senmiddelalder (ca. 1300-1500)<\/li>\n<\/ul>\n\n\n\n<h3 class=\"wp-block-heading\"><strong>Kort om den dansk middelalder.<\/strong><strong><\/strong><\/h3>\n\n\n\n<p>Middelalderen betegner i dansk (og nordisk) sammenh\u00e6ng en senere periode end i det sydligere Europa.<\/p>\n\n\n\n<p>I almindelighed bruges begrebet middelalder om perioden fra ca. 1000 til 1536 og betegner s\u00e5ledes den periode, hvor den katolske kirke var den officielle kirke i Danmark. &#8216;<\/p>\n\n\n\n<p>Det er dog ogs\u00e5 normalt f\u00f8rst at regne middelalderens begyndelse i Danmark fra vikingetidens oph\u00f8r omkring 1050 eller allerede fra kongemagtens overgang til kristendommen ca. 965.<\/p>\n\n\n\n<p>Ofte n\u00e6vnes Svend 2. Estridsens regeringsperiode som tiden, der bragte Danmark fra vikingetiden ind i middelalderen.<br><br>Det var bl.a. i denne periode, at Danmark kirkeligt blev delt ind i otte stifter.<br>Ud over kirkes centrale position var perioden karakteriseret ved, at magten i samfundet til en vis grad var delt mellem kongemagt, adel og kirke med skiftende styrke hos de tre grupper.<br>Det kom til udtryk ved institutioner som danehof og rigsr\u00e5d.<\/p>\n\n\n\n<p>I forbindelse med reformationen i 1536 blev dette forhold \u00e6ndret, da kirken mistede sin direkte politiske indflydelse.<\/p>\n\n\n\n<p>Derfor kaldes perioden efter reformationen og frem til enev\u00e6ldens indf\u00f8relse i 1660 ofte adelsv\u00e6lden.<br>Dette tidspunkt kendes ogs\u00e5 pga. indf\u00f8relsen af loven omkring misbrug af mindre\u00e5rige.<br>Den opdeling bruger den danske middelalder, som oftes benyttes, ser s\u00e5dan ud:<\/p>\n\n\n\n<ul class=\"wp-block-list\">\n<li>Vikingetid (ca. 800-1050)<\/li>\n\n\n\n<li>Tidlig middelalder (ca. 1050-1200)<\/li>\n\n\n\n<li>H\u00f8jmiddelalder (1200-1400)<\/li>\n\n\n\n<li>Senmiddelalder (1400-1536)<\/li>\n<\/ul>\n\n\n\n<p>Skellet mellem h\u00f8jmiddelalder og senmiddelalder begrundes dels med de samfundsforandringer, som Den Sorte D\u00f8d medf\u00f8rte, og dels med den gensamling af riget, der satte ind, da Valdemar 4. Atterdag blev konge i 1340 (og dermed afsluttede den kongel\u00f8se tid, hvor Danmark havde v\u00e6ret pantsat til grev Johann og grev Gerhard). Valdemars datter Margrete 1. udbyggede og konsoliderede riget, og centraliserede magten omkring kronen.<br>Senmiddelalderen var ogs\u00e5 Kalmarunionens tid (1397-1523).<\/p>\n\n\n\n<p>Kampen for at holde sammen p\u00e5 unionen eller genetablere den blev for flere danske konger et prim\u00e6rt politisk m\u00e5l,<\/p>\n\n\n\n<p>samtidig med at der foregik en kamp mellem adelen og kongemagten om den politiske dominans ud fra principperne regimen regale og regimen politicum.<\/p>\n\n\n\n<p><br>Kilde : Danmarks historie 1047-1397<\/p>\n","protected":false},"excerpt":{"rendered":"<p>Begrebet middelalder blev opfundet i Italien i starten af af 1400-tallet.Den latinske betegnelse blev f\u00f8rst fastlagt som medium aevum eller media \u00e6tasDet er almindeligt at opdele perioden i yderligere i tre perioder: Kort om den dansk middelalder. Middelalderen betegner i dansk (og nordisk) sammenh\u00e6ng en senere periode end i det [&hellip;]<\/p>\n","protected":false},"author":1,"featured_media":0,"parent":0,"menu_order":0,"comment_status":"closed","ping_status":"closed","template":"","meta":{"ngg_post_thumbnail":0,"footnotes":""},"class_list":["post-90","page","type-page","status-publish","hentry"],"_links":{"self":[{"href":"https:\/\/custosvituli.dk\/index.php?rest_route=\/wp\/v2\/pages\/90","targetHints":{"allow":["GET"]}}],"collection":[{"href":"https:\/\/custosvituli.dk\/index.php?rest_route=\/wp\/v2\/pages"}],"about":[{"href":"https:\/\/custosvituli.dk\/index.php?rest_route=\/wp\/v2\/types\/page"}],"author":[{"embeddable":true,"href":"https:\/\/custosvituli.dk\/index.php?rest_route=\/wp\/v2\/users\/1"}],"replies":[{"embeddable":true,"href":"https:\/\/custosvituli.dk\/index.php?rest_route=%2Fwp%2Fv2%2Fcomments&post=90"}],"version-history":[{"count":1,"href":"https:\/\/custosvituli.dk\/index.php?rest_route=\/wp\/v2\/pages\/90\/revisions"}],"predecessor-version":[{"id":91,"href":"https:\/\/custosvituli.dk\/index.php?rest_route=\/wp\/v2\/pages\/90\/revisions\/91"}],"wp:attachment":[{"href":"https:\/\/custosvituli.dk\/index.php?rest_route=%2Fwp%2Fv2%2Fmedia&parent=90"}],"curies":[{"name":"wp","href":"https:\/\/api.w.org\/{rel}","templated":true}]}}